{"id":49,"date":"2016-10-03T14:14:38","date_gmt":"2016-10-03T12:14:38","guid":{"rendered":"https:\/\/art-of-presence.ch\/fr\/?page_id=49"},"modified":"2022-08-21T22:00:21","modified_gmt":"2022-08-21T20:00:21","slug":"seances","status":"publish","type":"page","link":"https:\/\/art-of-presence.ch\/fr\/seances\/","title":{"rendered":"Accompagnement individuel"},"content":{"rendered":"\n<div class=\"wp-block-image is-style-rounded\"><figure class=\"aligncenter size-medium\"><img loading=\"lazy\" decoding=\"async\" width=\"300\" height=\"225\" src=\"https:\/\/art-of-presence.ch\/fr\/wp-content\/uploads\/2021\/01\/94138168_1459274837584957_7069394282339106816_o_copyright-300x225.jpg\" alt=\"\" class=\"wp-image-2835\"\/><\/figure><\/div>\n\n\n\n<p><strong>Vous vous sentez d\u00e9bord\u00e9.e par la vie et souhaitez prendre du temps pour vous, vous faire du bien? <\/strong><br><strong>Vous arrivez peut-\u00eatre dans une phase de votre existence o\u00f9 vous en cherchez le sens profond?<\/strong><\/p>\n\n\n\n<p>C&rsquo;est peut-\u00eatre le bon moment de franchir le pas pour prendre un nouveau d\u00e9part dans votre vie! <\/p>\n\n\n\n<p>De courir vers votre coeur, de vous dire \u00ab\u00a0oui\u00a0\u00bb en foi, sans parfois savoir exactement comment&#8230; mais quand votre coeur dit \u00ab\u00a0oui\u00a0\u00bb, vous pouvez lui faire confiance et courir vers votre bonheur, pour vivre une vie plus pleine, plus riche et plus \u00e9panouissante! Plus heureuse car davantage \u00ab\u00a0vous\u00a0\u00bb!<\/p>\n\n\n\n<p>Riche d&rsquo;un parcours de vie plein de \u00ab\u00a0oui\u00a0\u00bb du coeur et artiste-th\u00e9rapeute-intuitive \u00e0 mes heures, je vous propose:<\/p>\n\n\n\n<p><strong>Un pack de 6 + 1 s\u00e9ances d&rsquo;accompagnement pour prendre sa place dans sa vie et cr\u00e9er son bonheur.<\/strong><\/p>\n\n\n\n<p>Vous b\u00e9n\u00e9ficierez de: <\/p>\n\n\n\n<ul class=\"wp-block-list\"><li><strong>6+1 s\u00e9ances de 1h30 d&rsquo;accompagnement individuel<\/strong><\/li><li><strong>un cadre s\u00e9curisant et confidentiel o\u00f9 vous pourrez vous lib\u00e9rer et vous mettre en route vers le meilleur pour votre vie<\/strong><\/li><li><strong>un accompagnement sur la base de l&rsquo;art et de la m\u00e9ditation, pour prendre sa vie en main<\/strong><\/li><li><strong>des outils et conseils pour acc\u00e9der \u00e0 un bonheur durable<\/strong><\/li><li><strong>des aper\u00e7us intuitifs en lien \u00e0 votre situation<\/strong><\/li><\/ul>\n\n\n\n<p>Consultations en ligne ou en pr\u00e9sence, dans le bassin genevois.<\/p>\n\n\n\n<p>Tarif: <br><strong>Pack de 6 s\u00e9ances + 1 offerte: 1200.- CHF\/EUR<\/strong> a.l.d. 1400.- CHF\/EUR<\/p>\n\n\n\n<p>Je me r\u00e9jouis de vous rencontrer!<\/p>\n\n\n\n<p>Jo\u00eblle Stoudmann<\/p>\n\n\n\n<div class=\"wp-block-button alignleft\"><a class=\"wp-block-button__link has-luminous-vivid-orange-background-color has-background\" href=\"https:\/\/art-of-presence.ch\/fr\/contact\/\">Contact<\/a><\/div>\n\n\n\n<div class=\"wp-block-image is-style-rounded\"><figure class=\"aligncenter size-medium\"><img loading=\"lazy\" decoding=\"async\" width=\"298\" height=\"300\" src=\"https:\/\/art-of-presence.ch\/fr\/wp-content\/uploads\/2020\/12\/119700496_10158504558465795_2687032244513344794_n-3-298x300.jpg\" alt=\"\" class=\"wp-image-2729\"\/><\/figure><\/div>\n\n\n\n<p class=\"has-text-align-center\"><em>\u00ab\u00a0Jo\u00eblle est une accompagnatrice d&rsquo;\u00e9veil juste incroyable. Elle sait nous guider, nous rassurer afin d&rsquo;\u00e9veiller en nous nos parts d&rsquo;ombres et de lumi\u00e8re. Elle le fait dans la bienveillance, l&rsquo;amour et la douceur.\u00a0\u00bb<br>Merci Jo\u00eblle!\u00a0\u00bb (Katya, 2020)<\/em><\/p>\n","protected":false},"excerpt":{"rendered":"<p>Vous vous sentez d\u00e9bord\u00e9.e par la vie et souhaitez prendre du temps pour vous, vous faire du bien? Vous arrivez peut-\u00eatre dans une phase de votre existence o\u00f9 vous en cherchez le sens profond? C&rsquo;est peut-\u00eatre le bon moment de franchir le pas pour prendre un nouveau d\u00e9part dans votre vie! De courir vers votre [&hellip;]<\/p>\n","protected":false},"author":4,"featured_media":0,"parent":0,"menu_order":0,"comment_status":"closed","ping_status":"closed","template":"","meta":{"_et_pb_use_builder":"","_et_pb_old_content":"","_et_gb_content_width":"","footnotes":""},"class_list":["post-49","page","type-page","status-publish","hentry"],"yoast_head":"<!-- This site is optimized with the Yoast SEO plugin v27.4 - https:\/\/yoast.com\/product\/yoast-seo-wordpress\/ -->\n<title>Accompagnement individuel - Art of Presence<\/title>\n<meta name=\"robots\" content=\"index, follow, max-snippet:-1, max-image-preview:large, max-video-preview:-1\" \/>\n<link rel=\"canonical\" href=\"https:\/\/art-of-presence.ch\/fr\/seances\/\" \/>\n<meta property=\"og:locale\" content=\"fr_FR\" \/>\n<meta property=\"og:type\" content=\"article\" \/>\n<meta property=\"og:title\" content=\"Accompagnement individuel - Art of Presence\" \/>\n<meta property=\"og:description\" content=\"Vous vous sentez d\u00e9bord\u00e9.e par la vie et souhaitez prendre du temps pour vous, vous faire du bien? Vous arrivez peut-\u00eatre dans une phase de votre existence o\u00f9 vous en cherchez le sens profond? C&rsquo;est peut-\u00eatre le bon moment de franchir le pas pour prendre un nouveau d\u00e9part dans votre vie! De courir vers votre [&hellip;]\" \/>\n<meta property=\"og:url\" content=\"https:\/\/art-of-presence.ch\/fr\/seances\/\" \/>\n<meta property=\"og:site_name\" content=\"Art of Presence\" \/>\n<meta property=\"article:modified_time\" content=\"2022-08-21T20:00:21+00:00\" \/>\n<meta property=\"og:image\" content=\"https:\/\/art-of-presence.ch\/fr\/wp-content\/uploads\/2021\/01\/94138168_1459274837584957_7069394282339106816_o_copyright-300x225.jpg\" \/>\n<meta name=\"twitter:card\" content=\"summary_large_image\" \/>\n<meta name=\"twitter:label1\" content=\"Dur\u00e9e de lecture estim\u00e9e\" \/>\n\t<meta name=\"twitter:data1\" content=\"2 minutes\" \/>\n<script type=\"application\/ld+json\" class=\"yoast-schema-graph\">{\"@context\":\"https:\\\/\\\/schema.org\",\"@graph\":[{\"@type\":\"WebPage\",\"@id\":\"https:\\\/\\\/art-of-presence.ch\\\/fr\\\/seances\\\/\",\"url\":\"https:\\\/\\\/art-of-presence.ch\\\/fr\\\/seances\\\/\",\"name\":\"Accompagnement individuel - Art of Presence\",\"isPartOf\":{\"@id\":\"https:\\\/\\\/art-of-presence.ch\\\/fr\\\/#website\"},\"primaryImageOfPage\":{\"@id\":\"https:\\\/\\\/art-of-presence.ch\\\/fr\\\/seances\\\/#primaryimage\"},\"image\":{\"@id\":\"https:\\\/\\\/art-of-presence.ch\\\/fr\\\/seances\\\/#primaryimage\"},\"thumbnailUrl\":\"https:\\\/\\\/art-of-presence.ch\\\/fr\\\/wp-content\\\/uploads\\\/2021\\\/01\\\/94138168_1459274837584957_7069394282339106816_o_copyright-300x225.jpg\",\"datePublished\":\"2016-10-03T12:14:38+00:00\",\"dateModified\":\"2022-08-21T20:00:21+00:00\",\"breadcrumb\":{\"@id\":\"https:\\\/\\\/art-of-presence.ch\\\/fr\\\/seances\\\/#breadcrumb\"},\"inLanguage\":\"fr-FR\",\"potentialAction\":[{\"@type\":\"ReadAction\",\"target\":[\"https:\\\/\\\/art-of-presence.ch\\\/fr\\\/seances\\\/\"]}]},{\"@type\":\"ImageObject\",\"inLanguage\":\"fr-FR\",\"@id\":\"https:\\\/\\\/art-of-presence.ch\\\/fr\\\/seances\\\/#primaryimage\",\"url\":\"https:\\\/\\\/art-of-presence.ch\\\/fr\\\/wp-content\\\/uploads\\\/2021\\\/01\\\/94138168_1459274837584957_7069394282339106816_o_copyright.jpg\",\"contentUrl\":\"https:\\\/\\\/art-of-presence.ch\\\/fr\\\/wp-content\\\/uploads\\\/2021\\\/01\\\/94138168_1459274837584957_7069394282339106816_o_copyright.jpg\",\"width\":1440,\"height\":1082},{\"@type\":\"BreadcrumbList\",\"@id\":\"https:\\\/\\\/art-of-presence.ch\\\/fr\\\/seances\\\/#breadcrumb\",\"itemListElement\":[{\"@type\":\"ListItem\",\"position\":1,\"name\":\"Accueil\",\"item\":\"https:\\\/\\\/art-of-presence.ch\\\/fr\\\/\"},{\"@type\":\"ListItem\",\"position\":2,\"name\":\"Accompagnement individuel\"}]},{\"@type\":\"WebSite\",\"@id\":\"https:\\\/\\\/art-of-presence.ch\\\/fr\\\/#website\",\"url\":\"https:\\\/\\\/art-of-presence.ch\\\/fr\\\/\",\"name\":\"Art of Presence\",\"description\":\"Un chemin vers Soi\",\"potentialAction\":[{\"@type\":\"SearchAction\",\"target\":{\"@type\":\"EntryPoint\",\"urlTemplate\":\"https:\\\/\\\/art-of-presence.ch\\\/fr\\\/?s={search_term_string}\"},\"query-input\":{\"@type\":\"PropertyValueSpecification\",\"valueRequired\":true,\"valueName\":\"search_term_string\"}}],\"inLanguage\":\"fr-FR\"}]}<\/script>\n<!-- \/ Yoast SEO plugin. -->","yoast_head_json":{"title":"Accompagnement individuel - Art of Presence","robots":{"index":"index","follow":"follow","max-snippet":"max-snippet:-1","max-image-preview":"max-image-preview:large","max-video-preview":"max-video-preview:-1"},"canonical":"https:\/\/art-of-presence.ch\/fr\/seances\/","og_locale":"fr_FR","og_type":"article","og_title":"Accompagnement individuel - Art of Presence","og_description":"Vous vous sentez d\u00e9bord\u00e9.e par la vie et souhaitez prendre du temps pour vous, vous faire du bien? Vous arrivez peut-\u00eatre dans une phase de votre existence o\u00f9 vous en cherchez le sens profond? C&rsquo;est peut-\u00eatre le bon moment de franchir le pas pour prendre un nouveau d\u00e9part dans votre vie! De courir vers votre [&hellip;]","og_url":"https:\/\/art-of-presence.ch\/fr\/seances\/","og_site_name":"Art of Presence","article_modified_time":"2022-08-21T20:00:21+00:00","og_image":[{"url":"https:\/\/art-of-presence.ch\/fr\/wp-content\/uploads\/2021\/01\/94138168_1459274837584957_7069394282339106816_o_copyright-300x225.jpg","type":"","width":"","height":""}],"twitter_card":"summary_large_image","twitter_misc":{"Dur\u00e9e de lecture estim\u00e9e":"2 minutes"},"schema":{"@context":"https:\/\/schema.org","@graph":[{"@type":"WebPage","@id":"https:\/\/art-of-presence.ch\/fr\/seances\/","url":"https:\/\/art-of-presence.ch\/fr\/seances\/","name":"Accompagnement individuel - Art of Presence","isPartOf":{"@id":"https:\/\/art-of-presence.ch\/fr\/#website"},"primaryImageOfPage":{"@id":"https:\/\/art-of-presence.ch\/fr\/seances\/#primaryimage"},"image":{"@id":"https:\/\/art-of-presence.ch\/fr\/seances\/#primaryimage"},"thumbnailUrl":"https:\/\/art-of-presence.ch\/fr\/wp-content\/uploads\/2021\/01\/94138168_1459274837584957_7069394282339106816_o_copyright-300x225.jpg","datePublished":"2016-10-03T12:14:38+00:00","dateModified":"2022-08-21T20:00:21+00:00","breadcrumb":{"@id":"https:\/\/art-of-presence.ch\/fr\/seances\/#breadcrumb"},"inLanguage":"fr-FR","potentialAction":[{"@type":"ReadAction","target":["https:\/\/art-of-presence.ch\/fr\/seances\/"]}]},{"@type":"ImageObject","inLanguage":"fr-FR","@id":"https:\/\/art-of-presence.ch\/fr\/seances\/#primaryimage","url":"https:\/\/art-of-presence.ch\/fr\/wp-content\/uploads\/2021\/01\/94138168_1459274837584957_7069394282339106816_o_copyright.jpg","contentUrl":"https:\/\/art-of-presence.ch\/fr\/wp-content\/uploads\/2021\/01\/94138168_1459274837584957_7069394282339106816_o_copyright.jpg","width":1440,"height":1082},{"@type":"BreadcrumbList","@id":"https:\/\/art-of-presence.ch\/fr\/seances\/#breadcrumb","itemListElement":[{"@type":"ListItem","position":1,"name":"Accueil","item":"https:\/\/art-of-presence.ch\/fr\/"},{"@type":"ListItem","position":2,"name":"Accompagnement individuel"}]},{"@type":"WebSite","@id":"https:\/\/art-of-presence.ch\/fr\/#website","url":"https:\/\/art-of-presence.ch\/fr\/","name":"Art of Presence","description":"Un chemin vers Soi","potentialAction":[{"@type":"SearchAction","target":{"@type":"EntryPoint","urlTemplate":"https:\/\/art-of-presence.ch\/fr\/?s={search_term_string}"},"query-input":{"@type":"PropertyValueSpecification","valueRequired":true,"valueName":"search_term_string"}}],"inLanguage":"fr-FR"}]}},"_links":{"self":[{"href":"https:\/\/art-of-presence.ch\/fr\/wp-json\/wp\/v2\/pages\/49","targetHints":{"allow":["GET"]}}],"collection":[{"href":"https:\/\/art-of-presence.ch\/fr\/wp-json\/wp\/v2\/pages"}],"about":[{"href":"https:\/\/art-of-presence.ch\/fr\/wp-json\/wp\/v2\/types\/page"}],"author":[{"embeddable":true,"href":"https:\/\/art-of-presence.ch\/fr\/wp-json\/wp\/v2\/users\/4"}],"replies":[{"embeddable":true,"href":"https:\/\/art-of-presence.ch\/fr\/wp-json\/wp\/v2\/comments?post=49"}],"version-history":[{"count":126,"href":"https:\/\/art-of-presence.ch\/fr\/wp-json\/wp\/v2\/pages\/49\/revisions"}],"predecessor-version":[{"id":2846,"href":"https:\/\/art-of-presence.ch\/fr\/wp-json\/wp\/v2\/pages\/49\/revisions\/2846"}],"wp:attachment":[{"href":"https:\/\/art-of-presence.ch\/fr\/wp-json\/wp\/v2\/media?parent=49"}],"curies":[{"name":"wp","href":"https:\/\/api.w.org\/{rel}","templated":true}]}}