{"id":3678,"date":"2023-02-06T14:17:53","date_gmt":"2023-02-06T13:17:53","guid":{"rendered":"https:\/\/art-of-presence.ch\/fr\/?page_id=3678"},"modified":"2024-11-19T10:31:21","modified_gmt":"2024-11-19T09:31:21","slug":"accueil","status":"publish","type":"page","link":"https:\/\/art-of-presence.ch\/fr\/","title":{"rendered":"Accueil"},"content":{"rendered":"\n<p><strong>Expositions, peintures live, illustrations, ateliers\u2026&nbsp;<br><\/strong><br>C&rsquo;est avec joie que je vous accueille dans le monde de l&rsquo;Art, pour mieux se d\u00e9voiler \u00e0 Soi et au Monde, pour vivre la Joie de vivre l&rsquo;instant cr\u00e9ateur qui nous transporte et nous \u00e9panouit! <\/p>\n\n\n\n<p>Artiste peintre depuis des ann\u00e9es, j\u2019oeuvre \u00e0 vos c\u00f4t\u00e9s pour apporter de belles \u00e9nergies et couleurs dans les lieux publics, dans les livres et dans les coeurs, pour permettre \u00e0 chacun de cheminer vers une vie \u00e9panouie et joyeuse!&nbsp;<\/p>\n\n\n\n<h2 class=\"wp-block-heading\">Exposition<\/h2>\n\n\n\n<p>Les derni\u00e8res expositions ont permis l&rsquo;affichage de travaux intuitifs personnalis\u00e9s pour 16 personnes (Th\u00e9\u00e2tre de l&rsquo;Esp\u00e9rance) et de mes travaux dans leur ensemble.<\/p>\n\n\n\n<figure class=\"wp-block-gallery has-nested-images columns-default is-cropped wp-block-gallery-1 is-layout-flex wp-block-gallery-is-layout-flex\"><\/figure>\n\n\n\n<figure class=\"wp-block-image aligncenter size-large is-resized\"><img loading=\"lazy\" decoding=\"async\" width=\"724\" height=\"1024\" src=\"https:\/\/art-of-presence.ch\/fr\/wp-content\/uploads\/2023\/12\/Joelle-pour-expo-2024-Th.-Esperance-5-724x1024.jpg\" alt=\"\" class=\"wp-image-3798\" style=\"width:521px;height:auto\"\/><\/figure>\n\n\n\n<h2 class=\"wp-block-heading\">Peintures \u201clive\u201d lors d\u2019\u00e9v\u00e9nements publics<\/h2>\n\n\n\n<figure class=\"wp-block-gallery has-nested-images columns-default is-cropped wp-block-gallery-2 is-layout-flex wp-block-gallery-is-layout-flex\">\n<figure class=\"wp-block-image size-large\"><img loading=\"lazy\" decoding=\"async\" width=\"768\" height=\"1024\" data-id=\"3799\" src=\"https:\/\/art-of-presence.ch\/fr\/wp-content\/uploads\/2023\/12\/WhatsApp-Image-2023-11-11-at-10.03.03-1.jpeg\" alt=\"\" class=\"wp-image-3799\"\/><\/figure>\n\n\n\n<figure class=\"wp-block-image size-large\"><img loading=\"lazy\" decoding=\"async\" width=\"768\" height=\"1024\" data-id=\"3800\" src=\"https:\/\/art-of-presence.ch\/fr\/wp-content\/uploads\/2023\/12\/WhatsApp-Image-2023-11-11-at-10.03.03.jpeg\" alt=\"\" class=\"wp-image-3800\"\/><\/figure>\n\n\n\n<figure class=\"wp-block-image size-large\"><img loading=\"lazy\" decoding=\"async\" width=\"768\" height=\"1024\" data-id=\"3801\" src=\"https:\/\/art-of-presence.ch\/fr\/wp-content\/uploads\/2023\/12\/WhatsApp-Image-2023-11-11-at-10.03.02-1.jpeg\" alt=\"\" class=\"wp-image-3801\"\/><\/figure>\n<\/figure>\n\n\n\n<figure class=\"wp-block-gallery has-nested-images columns-default is-cropped wp-block-gallery-3 is-layout-flex wp-block-gallery-is-layout-flex\">\n<figure class=\"wp-block-image size-large\"><img loading=\"lazy\" decoding=\"async\" width=\"768\" height=\"1024\" data-id=\"3825\" src=\"https:\/\/art-of-presence.ch\/fr\/wp-content\/uploads\/2023\/12\/WhatsApp-Image-2023-12-14-at-20.36.16-3-768x1024.jpeg\" alt=\"\" class=\"wp-image-3825\"\/><\/figure>\n\n\n\n<figure class=\"wp-block-image size-large\"><img loading=\"lazy\" decoding=\"async\" width=\"1024\" height=\"583\" data-id=\"3831\" src=\"https:\/\/art-of-presence.ch\/fr\/wp-content\/uploads\/2023\/12\/408960331_10161140096124559_99061608096818963_n-1-1024x583.jpeg\" alt=\"\" class=\"wp-image-3831\"\/><\/figure>\n\n\n\n<figure class=\"wp-block-image size-large\"><img loading=\"lazy\" decoding=\"async\" width=\"1024\" height=\"596\" data-id=\"3828\" src=\"https:\/\/art-of-presence.ch\/fr\/wp-content\/uploads\/2023\/12\/WhatsApp-Image-2023-12-04-at-13.43.24-2-1024x596.jpeg\" alt=\"\" class=\"wp-image-3828\"\/><\/figure>\n<\/figure>\n\n\n\n<p><\/p>\n\n\n\n<h2 class=\"wp-block-heading\">Des affiches et des images\u2026<\/h2>\n\n\n\n<figure class=\"wp-block-image aligncenter size-large is-resized\"><img loading=\"lazy\" decoding=\"async\" width=\"724\" height=\"1024\" src=\"https:\/\/art-of-presence.ch\/fr\/wp-content\/uploads\/2023\/12\/Munia_Affiche-JPG-2-724x1024.jpg\" alt=\"\" class=\"wp-image-3806\" style=\"width:494px;height:auto\"\/><\/figure>\n\n\n\n<figure class=\"wp-block-gallery has-nested-images columns-default is-cropped wp-block-gallery-4 is-layout-flex wp-block-gallery-is-layout-flex\"><\/figure>\n","protected":false},"excerpt":{"rendered":"<p>Expositions, peintures live, illustrations, ateliers\u2026&nbsp;C&rsquo;est avec joie que je vous accueille dans le monde de l&rsquo;Art, pour mieux se d\u00e9voiler \u00e0 Soi et au Monde, pour vivre la Joie de vivre l&rsquo;instant cr\u00e9ateur qui nous transporte et nous \u00e9panouit! Artiste peintre depuis des ann\u00e9es, j\u2019oeuvre \u00e0 vos c\u00f4t\u00e9s pour apporter de belles \u00e9nergies et couleurs [&hellip;]<\/p>\n","protected":false},"author":4,"featured_media":0,"parent":0,"menu_order":0,"comment_status":"closed","ping_status":"closed","template":"","meta":{"_et_pb_use_builder":"off","_et_pb_old_content":"","_et_gb_content_width":"","footnotes":""},"class_list":["post-3678","page","type-page","status-publish","hentry"],"yoast_head":"<!-- This site is optimized with the Yoast SEO plugin v27.4 - https:\/\/yoast.com\/product\/yoast-seo-wordpress\/ -->\n<title>Accueil - Art of Presence<\/title>\n<meta name=\"robots\" content=\"index, follow, max-snippet:-1, max-image-preview:large, max-video-preview:-1\" \/>\n<link rel=\"canonical\" href=\"https:\/\/art-of-presence.ch\/fr\/\" \/>\n<meta property=\"og:locale\" content=\"fr_FR\" \/>\n<meta property=\"og:type\" content=\"article\" \/>\n<meta property=\"og:title\" content=\"Accueil - Art of Presence\" \/>\n<meta property=\"og:description\" content=\"Expositions, peintures live, illustrations, ateliers\u2026&nbsp;C&rsquo;est avec joie que je vous accueille dans le monde de l&rsquo;Art, pour mieux se d\u00e9voiler \u00e0 Soi et au Monde, pour vivre la Joie de vivre l&rsquo;instant cr\u00e9ateur qui nous transporte et nous \u00e9panouit! Artiste peintre depuis des ann\u00e9es, j\u2019oeuvre \u00e0 vos c\u00f4t\u00e9s pour apporter de belles \u00e9nergies et couleurs [&hellip;]\" \/>\n<meta property=\"og:url\" content=\"https:\/\/art-of-presence.ch\/fr\/\" \/>\n<meta property=\"og:site_name\" content=\"Art of Presence\" \/>\n<meta property=\"article:modified_time\" content=\"2024-11-19T09:31:21+00:00\" \/>\n<meta property=\"og:image\" content=\"https:\/\/art-of-presence.ch\/fr\/wp-content\/uploads\/2023\/12\/Joelle-pour-expo-2024-Th.-Esperance-5.jpg\" \/>\n\t<meta property=\"og:image:width\" content=\"1414\" \/>\n\t<meta property=\"og:image:height\" content=\"2000\" \/>\n\t<meta property=\"og:image:type\" content=\"image\/jpeg\" \/>\n<meta name=\"twitter:card\" content=\"summary_large_image\" \/>\n<meta name=\"twitter:label1\" content=\"Dur\u00e9e de lecture estim\u00e9e\" \/>\n\t<meta name=\"twitter:data1\" content=\"1 minute\" \/>\n<script type=\"application\/ld+json\" class=\"yoast-schema-graph\">{\"@context\":\"https:\\\/\\\/schema.org\",\"@graph\":[{\"@type\":\"WebPage\",\"@id\":\"https:\\\/\\\/art-of-presence.ch\\\/fr\\\/\",\"url\":\"https:\\\/\\\/art-of-presence.ch\\\/fr\\\/\",\"name\":\"Accueil - Art of Presence\",\"isPartOf\":{\"@id\":\"https:\\\/\\\/art-of-presence.ch\\\/fr\\\/#website\"},\"primaryImageOfPage\":{\"@id\":\"https:\\\/\\\/art-of-presence.ch\\\/fr\\\/#primaryimage\"},\"image\":{\"@id\":\"https:\\\/\\\/art-of-presence.ch\\\/fr\\\/#primaryimage\"},\"thumbnailUrl\":\"https:\\\/\\\/art-of-presence.ch\\\/fr\\\/wp-content\\\/uploads\\\/2023\\\/12\\\/Joelle-pour-expo-2024-Th.-Esperance-5-724x1024.jpg\",\"datePublished\":\"2023-02-06T13:17:53+00:00\",\"dateModified\":\"2024-11-19T09:31:21+00:00\",\"breadcrumb\":{\"@id\":\"https:\\\/\\\/art-of-presence.ch\\\/fr\\\/#breadcrumb\"},\"inLanguage\":\"fr-FR\",\"potentialAction\":[{\"@type\":\"ReadAction\",\"target\":[\"https:\\\/\\\/art-of-presence.ch\\\/fr\\\/\"]}]},{\"@type\":\"ImageObject\",\"inLanguage\":\"fr-FR\",\"@id\":\"https:\\\/\\\/art-of-presence.ch\\\/fr\\\/#primaryimage\",\"url\":\"https:\\\/\\\/art-of-presence.ch\\\/fr\\\/wp-content\\\/uploads\\\/2023\\\/12\\\/Joelle-pour-expo-2024-Th.-Esperance-5.jpg\",\"contentUrl\":\"https:\\\/\\\/art-of-presence.ch\\\/fr\\\/wp-content\\\/uploads\\\/2023\\\/12\\\/Joelle-pour-expo-2024-Th.-Esperance-5.jpg\",\"width\":1414,\"height\":2000},{\"@type\":\"BreadcrumbList\",\"@id\":\"https:\\\/\\\/art-of-presence.ch\\\/fr\\\/#breadcrumb\",\"itemListElement\":[{\"@type\":\"ListItem\",\"position\":1,\"name\":\"Accueil\",\"item\":\"https:\\\/\\\/art-of-presence.ch\\\/fr\\\/\"},{\"@type\":\"ListItem\",\"position\":2,\"name\":\"Accueil\"}]},{\"@type\":\"WebSite\",\"@id\":\"https:\\\/\\\/art-of-presence.ch\\\/fr\\\/#website\",\"url\":\"https:\\\/\\\/art-of-presence.ch\\\/fr\\\/\",\"name\":\"Art of Presence\",\"description\":\"Un chemin vers Soi\",\"potentialAction\":[{\"@type\":\"SearchAction\",\"target\":{\"@type\":\"EntryPoint\",\"urlTemplate\":\"https:\\\/\\\/art-of-presence.ch\\\/fr\\\/?s={search_term_string}\"},\"query-input\":{\"@type\":\"PropertyValueSpecification\",\"valueRequired\":true,\"valueName\":\"search_term_string\"}}],\"inLanguage\":\"fr-FR\"}]}<\/script>\n<!-- \/ Yoast SEO plugin. -->","yoast_head_json":{"title":"Accueil - Art of Presence","robots":{"index":"index","follow":"follow","max-snippet":"max-snippet:-1","max-image-preview":"max-image-preview:large","max-video-preview":"max-video-preview:-1"},"canonical":"https:\/\/art-of-presence.ch\/fr\/","og_locale":"fr_FR","og_type":"article","og_title":"Accueil - Art of Presence","og_description":"Expositions, peintures live, illustrations, ateliers\u2026&nbsp;C&rsquo;est avec joie que je vous accueille dans le monde de l&rsquo;Art, pour mieux se d\u00e9voiler \u00e0 Soi et au Monde, pour vivre la Joie de vivre l&rsquo;instant cr\u00e9ateur qui nous transporte et nous \u00e9panouit! Artiste peintre depuis des ann\u00e9es, j\u2019oeuvre \u00e0 vos c\u00f4t\u00e9s pour apporter de belles \u00e9nergies et couleurs [&hellip;]","og_url":"https:\/\/art-of-presence.ch\/fr\/","og_site_name":"Art of Presence","article_modified_time":"2024-11-19T09:31:21+00:00","og_image":[{"width":1414,"height":2000,"url":"https:\/\/art-of-presence.ch\/fr\/wp-content\/uploads\/2023\/12\/Joelle-pour-expo-2024-Th.-Esperance-5.jpg","type":"image\/jpeg"}],"twitter_card":"summary_large_image","twitter_misc":{"Dur\u00e9e de lecture estim\u00e9e":"1 minute"},"schema":{"@context":"https:\/\/schema.org","@graph":[{"@type":"WebPage","@id":"https:\/\/art-of-presence.ch\/fr\/","url":"https:\/\/art-of-presence.ch\/fr\/","name":"Accueil - Art of Presence","isPartOf":{"@id":"https:\/\/art-of-presence.ch\/fr\/#website"},"primaryImageOfPage":{"@id":"https:\/\/art-of-presence.ch\/fr\/#primaryimage"},"image":{"@id":"https:\/\/art-of-presence.ch\/fr\/#primaryimage"},"thumbnailUrl":"https:\/\/art-of-presence.ch\/fr\/wp-content\/uploads\/2023\/12\/Joelle-pour-expo-2024-Th.-Esperance-5-724x1024.jpg","datePublished":"2023-02-06T13:17:53+00:00","dateModified":"2024-11-19T09:31:21+00:00","breadcrumb":{"@id":"https:\/\/art-of-presence.ch\/fr\/#breadcrumb"},"inLanguage":"fr-FR","potentialAction":[{"@type":"ReadAction","target":["https:\/\/art-of-presence.ch\/fr\/"]}]},{"@type":"ImageObject","inLanguage":"fr-FR","@id":"https:\/\/art-of-presence.ch\/fr\/#primaryimage","url":"https:\/\/art-of-presence.ch\/fr\/wp-content\/uploads\/2023\/12\/Joelle-pour-expo-2024-Th.-Esperance-5.jpg","contentUrl":"https:\/\/art-of-presence.ch\/fr\/wp-content\/uploads\/2023\/12\/Joelle-pour-expo-2024-Th.-Esperance-5.jpg","width":1414,"height":2000},{"@type":"BreadcrumbList","@id":"https:\/\/art-of-presence.ch\/fr\/#breadcrumb","itemListElement":[{"@type":"ListItem","position":1,"name":"Accueil","item":"https:\/\/art-of-presence.ch\/fr\/"},{"@type":"ListItem","position":2,"name":"Accueil"}]},{"@type":"WebSite","@id":"https:\/\/art-of-presence.ch\/fr\/#website","url":"https:\/\/art-of-presence.ch\/fr\/","name":"Art of Presence","description":"Un chemin vers Soi","potentialAction":[{"@type":"SearchAction","target":{"@type":"EntryPoint","urlTemplate":"https:\/\/art-of-presence.ch\/fr\/?s={search_term_string}"},"query-input":{"@type":"PropertyValueSpecification","valueRequired":true,"valueName":"search_term_string"}}],"inLanguage":"fr-FR"}]}},"_links":{"self":[{"href":"https:\/\/art-of-presence.ch\/fr\/wp-json\/wp\/v2\/pages\/3678","targetHints":{"allow":["GET"]}}],"collection":[{"href":"https:\/\/art-of-presence.ch\/fr\/wp-json\/wp\/v2\/pages"}],"about":[{"href":"https:\/\/art-of-presence.ch\/fr\/wp-json\/wp\/v2\/types\/page"}],"author":[{"embeddable":true,"href":"https:\/\/art-of-presence.ch\/fr\/wp-json\/wp\/v2\/users\/4"}],"replies":[{"embeddable":true,"href":"https:\/\/art-of-presence.ch\/fr\/wp-json\/wp\/v2\/comments?post=3678"}],"version-history":[{"count":11,"href":"https:\/\/art-of-presence.ch\/fr\/wp-json\/wp\/v2\/pages\/3678\/revisions"}],"predecessor-version":[{"id":3863,"href":"https:\/\/art-of-presence.ch\/fr\/wp-json\/wp\/v2\/pages\/3678\/revisions\/3863"}],"wp:attachment":[{"href":"https:\/\/art-of-presence.ch\/fr\/wp-json\/wp\/v2\/media?parent=3678"}],"curies":[{"name":"wp","href":"https:\/\/api.w.org\/{rel}","templated":true}]}}