{"id":1563,"date":"2019-08-08T15:00:39","date_gmt":"2019-08-08T13:00:39","guid":{"rendered":"https:\/\/art-of-presence.ch\/fr\/?page_id=1563"},"modified":"2026-03-23T10:27:01","modified_gmt":"2026-03-23T09:27:01","slug":"et-moi","status":"publish","type":"page","link":"https:\/\/art-of-presence.ch\/fr\/et-moi\/","title":{"rendered":"Ateliers"},"content":{"rendered":"\n<figure class=\"wp-block-image aligncenter size-large is-resized\"><img loading=\"lazy\" decoding=\"async\" width=\"683\" height=\"1024\" src=\"https:\/\/art-of-presence.ch\/fr\/wp-content\/uploads\/2026\/03\/pentagramme-683x1024.png\" alt=\"\" class=\"wp-image-3875\" style=\"width:531px;height:auto\"\/><\/figure>\n\n\n\n<p><strong>Le samedi 11 avril de 14h \u00e0 17h. Tarif recommand\u00e9&nbsp;: 25.- EUR.<\/strong><br>Par Jo\u00eblle Stoudmann,&nbsp;<a href=\"http:\/\/www.artofpresence.ch\/\">www.artofpresence.ch<\/a>.<\/p>\n\n\n\n<p><em>Un espace pour se recr\u00e9er, pour se fortifier et se constituer tout en permettant \u00e0 ce qui doit exister d\u2019\u00eatre entendu, lib\u00e9r\u00e9. Christ nous apporte la connaissance du Soi dans cette forme sacr\u00e9e, qui offre une ouverture profonde sur le monde, tant au niveau des chakras que du rayonnement solaire auquel cette forme nous reconnecte.<\/em><\/p>\n\n\n\n<p><em>Tout mouvement effectu\u00e9 dans cette forme est amplifi\u00e9, dynamis\u00e9, vitalis\u00e9, selon une loi cosmique. Ainsi, l\u2019acte de cr\u00e9ation devient profond\u00e9ment gu\u00e9risseur, nourrissant, r\u00e9g\u00e9n\u00e9rateur et nous reconnecte \u00e0 notre puissance intrins\u00e8que, fondamentale et universelle au Soi.<\/em><\/p>\n\n\n\n<p><em>Un magn\u00e9tisme nouveau est \u00e9galement mis en \u0153uvre gr\u00e2ce \u00e0 la connexion \u00e0 et \u00e0 la cr\u00e9ation dans l\u2019\u00e9nergie du pentagramme c\u00e9leste. Nous rayonnons notre puissance divine Unifi\u00e9e en cette forme, et elle nous permet de manifester nos souhaits en accord avec le divin.<\/em><\/p>\n\n\n\n<p>Je me r\u00e9jouis de recevoir vos inscriptions au 0041 78 738 63 29 ou \u00e0 joelle (at) art-of-presence.ch.<\/p>\n\n\n\n<p>A bient\u00f4t, <\/p>\n\n\n\n<p>Jo\u00eblle<\/p>\n\n\n\n<p><\/p>\n\n\n\n<figure class=\"wp-block-image aligncenter size-large is-resized\"><img loading=\"lazy\" decoding=\"async\" width=\"1024\" height=\"1024\" src=\"https:\/\/art-of-presence.ch\/fr\/wp-content\/uploads\/2025\/01\/Les-contes-creatifs_J.Stoudmann_20250123-1024x1024.jpg\" alt=\"\" class=\"wp-image-3866\" style=\"width:532px;height:auto\"\/><\/figure>\n\n\n\n<p>Pour vos anniversaires, f\u00eates et autres \u00e9v\u00e9nements, je vous propose un moment cr\u00e9atif et ludique pendant lequel les participant.e.s pourront cr\u00e9er, tou.te.s ensemble, un conte cr\u00e9atif qui va leur permettre de se raconter, de se d\u00e9voiler, de mettre la main \u00e0 la p\u00e2te avec peinture, crayons, feutres\u2026 de passer ensemble un moment in\u00e9dit et extraordinaire! \ud83c\udf08\ud83c\udf81\ud83c\udf89\ud83d\ude00<br><br>Vous recevrez par la suite un souvenir photos et texte de l\u2019\u00e9v\u00e9nement \u00e0 transmettre aux participant.e.s! \ud83d\udc8c\u2728\u2728\u2728\u2728<br><br>Avec beaucoup de joie je me tiens \u00e0 votre disposition pour davantage de renseignements et pour convenir des d\u00e9tails de votre prochain \u00e9v\u00e9nement, pour que celui-ci soit un succ\u00e8s!<br><br>Il est naturellement aussi possible de cr\u00e9er un conte autour du th\u00e8me de votre choix (ex. f\u00e9es, chasse au tr\u00e9sor, savane, montagne, disco., etc.).<br><br>Et je souhaite \u00e9galement mentionner que je soutiens dans ces activit\u00e9s \u00e9galement <a href=\"https:\/\/arbresdubonheur.org\">l&rsquo;ONG Internationale \u00ab\u00a0Les Arbres du Bonheur\u00a0\u00bb<\/a>, qui soutient les enfants du monde \u00e0 travers des jeux et exercices de respiration en pleine conscience, et nous fournit outils et pistes de r\u00e9flexion. <br><br>Avec joie pour \u00e9changer avec vous,<br>de Jo\u00eblle Stoudmann<\/p>\n\n\n\n<p><\/p>\n\n\n\n<h2 class=\"wp-block-heading\"><\/h2>\n\n\n\n<figure class=\"wp-block-image aligncenter size-large is-resized\"><img loading=\"lazy\" decoding=\"async\" width=\"1024\" height=\"1024\" src=\"https:\/\/art-of-presence.ch\/fr\/wp-content\/uploads\/2023\/05\/Ateliers-enfants-image-pour-diffusion-digitale-1024x1024.jpg\" alt=\"\" class=\"wp-image-3744\" style=\"width:512px;height:512px\"\/><\/figure>\n\n\n\n<p><\/p>\n\n\n\n<div class=\"wp-block-button aligncenter\"><a class=\"wp-block-button__link has-white-color has-luminous-vivid-amber-background-color has-text-color has-background wp-element-button\" href=\"https:\/\/art-of-presence.ch\/fr\/contact\/\">Contact<\/a><\/div>\n","protected":false},"excerpt":{"rendered":"<p>Le samedi 11 avril de 14h \u00e0 17h. Tarif recommand\u00e9&nbsp;: 25.- EUR.Par Jo\u00eblle Stoudmann,&nbsp;www.artofpresence.ch. Un espace pour se recr\u00e9er, pour se fortifier et se constituer tout en permettant \u00e0 ce qui doit exister d\u2019\u00eatre entendu, lib\u00e9r\u00e9. Christ nous apporte la connaissance du Soi dans cette forme sacr\u00e9e, qui offre une ouverture profonde sur le monde, [&hellip;]<\/p>\n","protected":false},"author":4,"featured_media":0,"parent":0,"menu_order":0,"comment_status":"closed","ping_status":"closed","template":"","meta":{"_et_pb_use_builder":"off","_et_pb_old_content":"<!-- wp:paragraph {\"align\":\"center\"} -->\n<p class=\"has-text-align-center\">Au coeur de Soi, de notre Pr\u00e9sence fondamentale, se trouve notre tr\u00e9sor le plus pr\u00e9cieux: la Vie. <\/p>\n<!-- \/wp:paragraph -->\n\n<!-- wp:paragraph {\"align\":\"center\"} -->\n<p class=\"has-text-align-center\">Mon souhait est d'amener les personnes \u00e0 se reconnecter, moyennant l'Art, \u00e0 la Vie en elles... <br>pour voir se d\u00e9ployer un monde de paix, d'amour et de joie.<\/p>\n<!-- \/wp:paragraph -->\n\n<!-- wp:paragraph -->\n<p><\/p>\n<!-- \/wp:paragraph -->\n\n<!-- wp:image {\"align\":\"center\",\"id\":3648,\"width\":420,\"height\":378,\"sizeSlug\":\"large\",\"linkDestination\":\"none\"} -->\n<figure class=\"wp-block-image aligncenter size-large is-resized\"><img src=\"https:\/\/art-of-presence.ch\/fr\/wp-content\/uploads\/2022\/08\/DSCN6214_carre-clair-1024x922.jpg\" alt=\"\" class=\"wp-image-3648\" width=\"420\" height=\"378\"\/><\/figure>\n<!-- \/wp:image -->\n\n<!-- wp:button {\"backgroundColor\":\"luminous-vivid-amber\",\"textColor\":\"white\",\"align\":\"center\"} -->\n<div class=\"wp-block-button aligncenter\"><a class=\"wp-block-button__link has-white-color has-luminous-vivid-amber-background-color has-text-color has-background wp-element-button\" href=\"https:\/\/art-of-presence.ch\/fr\/contact\/\">Contact<\/a><\/div>\n<!-- \/wp:button -->\n\n<!-- wp:paragraph {\"align\":\"left\"} -->\n<p class=\"has-text-align-left\"><br>Je vous propose de d\u00e9couvrir mes oeuvres dans la <a href=\"https:\/\/art-of-presence.ch\/fr\/peinture\/\">galerie<\/a>. <\/p>\n<!-- \/wp:paragraph -->","_et_gb_content_width":"","footnotes":""},"class_list":["post-1563","page","type-page","status-publish","hentry"],"yoast_head":"<!-- This site is optimized with the Yoast SEO plugin v27.4 - https:\/\/yoast.com\/product\/yoast-seo-wordpress\/ -->\n<title>Ateliers - Art of Presence<\/title>\n<meta name=\"robots\" content=\"index, follow, max-snippet:-1, max-image-preview:large, max-video-preview:-1\" \/>\n<link rel=\"canonical\" href=\"https:\/\/art-of-presence.ch\/fr\/et-moi\/\" \/>\n<meta property=\"og:locale\" content=\"fr_FR\" \/>\n<meta property=\"og:type\" content=\"article\" \/>\n<meta property=\"og:title\" content=\"Ateliers - Art of Presence\" \/>\n<meta property=\"og:description\" content=\"Le samedi 11 avril de 14h \u00e0 17h. Tarif recommand\u00e9&nbsp;: 25.- EUR.Par Jo\u00eblle Stoudmann,&nbsp;www.artofpresence.ch. Un espace pour se recr\u00e9er, pour se fortifier et se constituer tout en permettant \u00e0 ce qui doit exister d\u2019\u00eatre entendu, lib\u00e9r\u00e9. Christ nous apporte la connaissance du Soi dans cette forme sacr\u00e9e, qui offre une ouverture profonde sur le monde, [&hellip;]\" \/>\n<meta property=\"og:url\" content=\"https:\/\/art-of-presence.ch\/fr\/et-moi\/\" \/>\n<meta property=\"og:site_name\" content=\"Art of Presence\" \/>\n<meta property=\"article:modified_time\" content=\"2026-03-23T09:27:01+00:00\" \/>\n<meta property=\"og:image\" content=\"https:\/\/art-of-presence.ch\/fr\/wp-content\/uploads\/2026\/03\/pentagramme-683x1024.png\" \/>\n\t<meta property=\"og:image:width\" content=\"683\" \/>\n\t<meta property=\"og:image:height\" content=\"1024\" \/>\n\t<meta property=\"og:image:type\" content=\"image\/png\" \/>\n<meta name=\"twitter:card\" content=\"summary_large_image\" \/>\n<meta name=\"twitter:label1\" content=\"Dur\u00e9e de lecture estim\u00e9e\" \/>\n\t<meta name=\"twitter:data1\" content=\"1 minute\" \/>\n<script type=\"application\/ld+json\" class=\"yoast-schema-graph\">{\"@context\":\"https:\\\/\\\/schema.org\",\"@graph\":[{\"@type\":\"WebPage\",\"@id\":\"https:\\\/\\\/art-of-presence.ch\\\/fr\\\/et-moi\\\/\",\"url\":\"https:\\\/\\\/art-of-presence.ch\\\/fr\\\/et-moi\\\/\",\"name\":\"Ateliers - Art of Presence\",\"isPartOf\":{\"@id\":\"https:\\\/\\\/art-of-presence.ch\\\/fr\\\/#website\"},\"primaryImageOfPage\":{\"@id\":\"https:\\\/\\\/art-of-presence.ch\\\/fr\\\/et-moi\\\/#primaryimage\"},\"image\":{\"@id\":\"https:\\\/\\\/art-of-presence.ch\\\/fr\\\/et-moi\\\/#primaryimage\"},\"thumbnailUrl\":\"https:\\\/\\\/art-of-presence.ch\\\/fr\\\/wp-content\\\/uploads\\\/2026\\\/03\\\/pentagramme-683x1024.png\",\"datePublished\":\"2019-08-08T13:00:39+00:00\",\"dateModified\":\"2026-03-23T09:27:01+00:00\",\"breadcrumb\":{\"@id\":\"https:\\\/\\\/art-of-presence.ch\\\/fr\\\/et-moi\\\/#breadcrumb\"},\"inLanguage\":\"fr-FR\",\"potentialAction\":[{\"@type\":\"ReadAction\",\"target\":[\"https:\\\/\\\/art-of-presence.ch\\\/fr\\\/et-moi\\\/\"]}]},{\"@type\":\"ImageObject\",\"inLanguage\":\"fr-FR\",\"@id\":\"https:\\\/\\\/art-of-presence.ch\\\/fr\\\/et-moi\\\/#primaryimage\",\"url\":\"https:\\\/\\\/art-of-presence.ch\\\/fr\\\/wp-content\\\/uploads\\\/2026\\\/03\\\/pentagramme.png\",\"contentUrl\":\"https:\\\/\\\/art-of-presence.ch\\\/fr\\\/wp-content\\\/uploads\\\/2026\\\/03\\\/pentagramme.png\",\"width\":1024,\"height\":1536},{\"@type\":\"BreadcrumbList\",\"@id\":\"https:\\\/\\\/art-of-presence.ch\\\/fr\\\/et-moi\\\/#breadcrumb\",\"itemListElement\":[{\"@type\":\"ListItem\",\"position\":1,\"name\":\"Accueil\",\"item\":\"https:\\\/\\\/art-of-presence.ch\\\/fr\\\/\"},{\"@type\":\"ListItem\",\"position\":2,\"name\":\"Ateliers\"}]},{\"@type\":\"WebSite\",\"@id\":\"https:\\\/\\\/art-of-presence.ch\\\/fr\\\/#website\",\"url\":\"https:\\\/\\\/art-of-presence.ch\\\/fr\\\/\",\"name\":\"Art of Presence\",\"description\":\"Un chemin vers Soi\",\"potentialAction\":[{\"@type\":\"SearchAction\",\"target\":{\"@type\":\"EntryPoint\",\"urlTemplate\":\"https:\\\/\\\/art-of-presence.ch\\\/fr\\\/?s={search_term_string}\"},\"query-input\":{\"@type\":\"PropertyValueSpecification\",\"valueRequired\":true,\"valueName\":\"search_term_string\"}}],\"inLanguage\":\"fr-FR\"}]}<\/script>\n<!-- \/ Yoast SEO plugin. -->","yoast_head_json":{"title":"Ateliers - Art of Presence","robots":{"index":"index","follow":"follow","max-snippet":"max-snippet:-1","max-image-preview":"max-image-preview:large","max-video-preview":"max-video-preview:-1"},"canonical":"https:\/\/art-of-presence.ch\/fr\/et-moi\/","og_locale":"fr_FR","og_type":"article","og_title":"Ateliers - Art of Presence","og_description":"Le samedi 11 avril de 14h \u00e0 17h. Tarif recommand\u00e9&nbsp;: 25.- EUR.Par Jo\u00eblle Stoudmann,&nbsp;www.artofpresence.ch. Un espace pour se recr\u00e9er, pour se fortifier et se constituer tout en permettant \u00e0 ce qui doit exister d\u2019\u00eatre entendu, lib\u00e9r\u00e9. Christ nous apporte la connaissance du Soi dans cette forme sacr\u00e9e, qui offre une ouverture profonde sur le monde, [&hellip;]","og_url":"https:\/\/art-of-presence.ch\/fr\/et-moi\/","og_site_name":"Art of Presence","article_modified_time":"2026-03-23T09:27:01+00:00","og_image":[{"width":683,"height":1024,"url":"https:\/\/art-of-presence.ch\/fr\/wp-content\/uploads\/2026\/03\/pentagramme-683x1024.png","type":"image\/png"}],"twitter_card":"summary_large_image","twitter_misc":{"Dur\u00e9e de lecture estim\u00e9e":"1 minute"},"schema":{"@context":"https:\/\/schema.org","@graph":[{"@type":"WebPage","@id":"https:\/\/art-of-presence.ch\/fr\/et-moi\/","url":"https:\/\/art-of-presence.ch\/fr\/et-moi\/","name":"Ateliers - Art of Presence","isPartOf":{"@id":"https:\/\/art-of-presence.ch\/fr\/#website"},"primaryImageOfPage":{"@id":"https:\/\/art-of-presence.ch\/fr\/et-moi\/#primaryimage"},"image":{"@id":"https:\/\/art-of-presence.ch\/fr\/et-moi\/#primaryimage"},"thumbnailUrl":"https:\/\/art-of-presence.ch\/fr\/wp-content\/uploads\/2026\/03\/pentagramme-683x1024.png","datePublished":"2019-08-08T13:00:39+00:00","dateModified":"2026-03-23T09:27:01+00:00","breadcrumb":{"@id":"https:\/\/art-of-presence.ch\/fr\/et-moi\/#breadcrumb"},"inLanguage":"fr-FR","potentialAction":[{"@type":"ReadAction","target":["https:\/\/art-of-presence.ch\/fr\/et-moi\/"]}]},{"@type":"ImageObject","inLanguage":"fr-FR","@id":"https:\/\/art-of-presence.ch\/fr\/et-moi\/#primaryimage","url":"https:\/\/art-of-presence.ch\/fr\/wp-content\/uploads\/2026\/03\/pentagramme.png","contentUrl":"https:\/\/art-of-presence.ch\/fr\/wp-content\/uploads\/2026\/03\/pentagramme.png","width":1024,"height":1536},{"@type":"BreadcrumbList","@id":"https:\/\/art-of-presence.ch\/fr\/et-moi\/#breadcrumb","itemListElement":[{"@type":"ListItem","position":1,"name":"Accueil","item":"https:\/\/art-of-presence.ch\/fr\/"},{"@type":"ListItem","position":2,"name":"Ateliers"}]},{"@type":"WebSite","@id":"https:\/\/art-of-presence.ch\/fr\/#website","url":"https:\/\/art-of-presence.ch\/fr\/","name":"Art of Presence","description":"Un chemin vers Soi","potentialAction":[{"@type":"SearchAction","target":{"@type":"EntryPoint","urlTemplate":"https:\/\/art-of-presence.ch\/fr\/?s={search_term_string}"},"query-input":{"@type":"PropertyValueSpecification","valueRequired":true,"valueName":"search_term_string"}}],"inLanguage":"fr-FR"}]}},"_links":{"self":[{"href":"https:\/\/art-of-presence.ch\/fr\/wp-json\/wp\/v2\/pages\/1563","targetHints":{"allow":["GET"]}}],"collection":[{"href":"https:\/\/art-of-presence.ch\/fr\/wp-json\/wp\/v2\/pages"}],"about":[{"href":"https:\/\/art-of-presence.ch\/fr\/wp-json\/wp\/v2\/types\/page"}],"author":[{"embeddable":true,"href":"https:\/\/art-of-presence.ch\/fr\/wp-json\/wp\/v2\/users\/4"}],"replies":[{"embeddable":true,"href":"https:\/\/art-of-presence.ch\/fr\/wp-json\/wp\/v2\/comments?post=1563"}],"version-history":[{"count":156,"href":"https:\/\/art-of-presence.ch\/fr\/wp-json\/wp\/v2\/pages\/1563\/revisions"}],"predecessor-version":[{"id":3877,"href":"https:\/\/art-of-presence.ch\/fr\/wp-json\/wp\/v2\/pages\/1563\/revisions\/3877"}],"wp:attachment":[{"href":"https:\/\/art-of-presence.ch\/fr\/wp-json\/wp\/v2\/media?parent=1563"}],"curies":[{"name":"wp","href":"https:\/\/api.w.org\/{rel}","templated":true}]}}